{"id":337,"date":"2020-02-19T10:29:13","date_gmt":"2020-02-19T10:29:13","guid":{"rendered":"https:\/\/blog.moscarossa.biz\/?page_id=337"},"modified":"2020-02-19T11:57:01","modified_gmt":"2020-02-19T11:57:01","slug":"cookie-policy","status":"publish","type":"page","link":"https:\/\/blog.moscarossa.biz\/index.php\/cookie-policy\/","title":{"rendered":"Cookie Policy"},"content":{"rendered":"<div class=\"entry\">\n<p><\/p>\n<p>Shortcode \r\n            <div class=\"pea_cook_control\" style=\"color:#FFFFFF; background-color: rgba(0,0,0,0.9);\">\r\n                I cookie sono disabilitati<br>Consenti al loro utilizzo cliccando \"Accetto\" nel banner.\r\n            <\/div><\/p>\n<p><\/p>\n<p><\/p>\n<h2 class=\"wp-block-heading\"><strong>Titolare del trattamento<\/strong><\/h2>\n<p><\/p>\n<p><\/p>\n<p>L\u2019utilizzo di cookie da parte di <strong>moscarossa.biz<\/strong> (&#8220;il Gestore&#8221;), rientra nella politica di privacy del Gestore, in conformit\u00e0 a quanto previsto dal D. Lgs 196\/03 Codice in materia di protezione dei dati personali (Codice Privacy) e dal Provvedimento dell\u20198 maggio 2014 \u201cIndividuazione delle modalit\u00e0 semplificate per l\u2019informativa e l\u2019acquisizione del consenso per l\u2019uso dei cookie\u201d del Garante Privacy Italiano. Ai sensi dell\u2019Art. 13 del Codice Privacy ti informiamo che <strong>moscarossa.biz<\/strong> in qualit\u00e0 di Titolare del trattamento agisce conformemente a quanto previsto dalla normativa in materia.<\/p>\n<p><\/p>\n<p><\/p>\n<p><strong>TIPOLOGIA DI COOKIE<\/strong><\/p>\n<p><\/p>\n<p><\/p>\n<p>FUNZIONE<\/p>\n<p><\/p>\n<p><\/p>\n<p>La presente cookie policy ha lo scopo specifico di illustrare i tipi, le modalit\u00e0 di utilizzo nonch\u00e9 di fornire indicazioni circa le azioni per rifiutare o eliminare i cookie presenti sul sito web, se lo si desidera.<\/p>\n<p><\/p>\n<p><\/p>\n<h3 class=\"wp-block-heading\">Che cosa sono i cookie?<\/h3>\n<p><\/p>\n<p><\/p>\n<p>Un cookie \u00e8 un piccolo file di lettere e numeri che pu\u00f2 essere memorizzato sul tuo browser o sul disco fisso del tuo computer quando visiti il nostro sito web. I cookie contengono informazioni sulle tue visite al suddetto sito web.<\/p>\n<p><\/p>\n<p><\/p>\n<h3 class=\"wp-block-heading\">Cookie di terze parti<\/h3>\n<p><\/p>\n<p><\/p>\n<p>Visitando un sito web si possono ricevere cookie sia dal sito visitato (prima parte), sia da siti gestiti da altre organizzazioni (terze parti). Esempi notevoli sono la presenza di \u201cembed\u201d video&nbsp;o \u201csocial plugin\u201d da servizi di social network. Si tratta di parti della pagina visitata generate direttamente dai suddetti siti ed integrati nella pagina del sito ospitante. L\u2019utilizzo pi\u00f9 comune&nbsp;\u00e8 finalizzato alla condivisione dei contenuti sui social network.<\/p>\n<p><\/p>\n<p><\/p>\n<p>La presenza di questi plugin comporta la trasmissione di cookie da e verso tutti i siti gestiti da terze parti. La gestione delle informazioni raccolte da terze parti \u00e8 &nbsp;disciplinata dalle relative informative cui si prega di fare riferimento. Per garantire una maggiore trasparenza e comodit\u00e0, si riportano qui di seguito &nbsp;gli indirizzi web delle diverse informative e delle modalit\u00e0 per la gestione dei cookie.<\/p>\n<p><\/p>\n<p><\/p>\n<p>Facebook informativa:&nbsp;<a href=\"https:\/\/www.facebook.com\/help\/cookies\/\">https:\/\/www.facebook.com\/help\/cookies\/<br \/><\/a>Facebook (configurazione): accedere al proprio account. Sezione privacy.<\/p>\n<p><\/p>\n<p><\/p>\n<p>Twitter informative:&nbsp;<a href=\"https:\/\/support.twitter.com\/articles\/20170514\">https:\/\/support.twitter.com\/articles\/20170514<br \/><\/a>Twitter (configurazione):&nbsp;<a href=\"https:\/\/twitter.com\/settings\/security\">https:\/\/twitter.com\/settings\/security<\/a><\/p>\n<p><\/p>\n<p><\/p>\n<p>Google+ informativa:&nbsp;<a href=\"http:\/\/www.google.it\/intl\/it\/policies\/technologies\/cookies\/\">http:\/\/www.google.it\/intl\/it\/policies\/technologies\/cookies\/<br \/><\/a>Google+ (configurazione):&nbsp;<a href=\"http:\/\/www.google.it\/intl\/it\/policies\/technologies\/managing\/\">http:\/\/www.google.it\/intl\/it\/policies\/technologies\/managing\/<\/a><\/p>\n<p><\/p>\n<p><\/p>\n<p>Includiamo anche taluni componenti&nbsp;da Google Analytics, un servizio di analisi del traffico web fornito da Google. Anche in questo caso si tratta di cookie di terze parti raccolti e gestiti in modo anonimo per monitorare e migliorare le prestazioni del sito ospite (performance cookie).<\/p>\n<p><\/p>\n<p><\/p>\n<p>Google Analytics pu\u00f2 raccogliere e analizzare&nbsp;in forma anonima le informazioni sui comportamenti di utilizzo. Tali informazioni vengono raccolte da Google Analytics, che le elabora allo scopo di redigere report sui siti web stessi. Questo sito non utilizza (e non consente a terzi di utilizzare) lo strumento di analisi di Google per monitorare o per raccogliere informazioni personali di identificazione. Google non associa l\u2019indirizzo IP a nessun altro dato posseduto da Google n\u00e9 cerca di collegare un indirizzo IP con l\u2019identit\u00e0 di un utente. Google pu\u00f2 anche comunicare queste informazioni a terzi ove ci\u00f2 sia imposto dalla legge o laddove tali terzi trattino le suddette informazioni per conto di Google.<\/p>\n<p><\/p>\n<p><\/p>\n<p>Per ulteriori informazioni, si rinvia al link di seguito indicato:<br \/><a href=\"https:\/\/www.google.it\/policies\/privacy\/partners\/\">https:\/\/www.google.it\/policies\/privacy\/partners\/<\/a><\/p>\n<p><\/p>\n<p><\/p>\n<p>L\u2019utente pu\u00f2 disabilitare in modo selettivo l\u2019azione di Google Analytics installando sul proprio&nbsp;<em>browser<\/em>&nbsp;la componente di&nbsp;<em>opt-out<\/em>&nbsp;fornito da Google. Per disabilitare l\u2019azione di Google Analytics, si rinvia al link di seguito indicato:<br \/><a href=\"https:\/\/tools.google.com\/dlpage\/gaoptout\">https:\/\/tools.google.com\/dlpage\/gaoptout<\/a><\/p>\n<p><\/p>\n<p><\/p>\n<p>Se hai domande o commenti concernenti la presente politica sui cookie, contattaci all\u2019indirizzo:&nbsp;<strong>info@moscarossa.biz<\/strong><\/p>\n<p><\/p>\n<p><\/p>\n<h3 class=\"wp-block-heading\">Come modificare le impostazioni sui cookie<\/h3>\n<p><\/p>\n<p><\/p>\n<p>La maggior parte dei browser permette di cancellare i cookie dal disco fisso del computer, di bloccare l\u2019accettazione dei cookie o di ricevere un avviso prima che un cookie venga memorizzato.<\/p>\n<p><\/p>\n<p><\/p>\n<p>Come modificare le impostazioni per:<\/p>\n<p><\/p>\n<p><\/p>\n<ul class=\"wp-block-list\">\n<li><a href=\"http:\/\/support.google.com\/chrome\/answer\/95647?hl=it\">Google Chrome<\/a><\/li>\n<li><a href=\"https:\/\/support.mozilla.org\/it\/kb\/Attivare%20e%20disattivare%20i%20cookie\">Mozilla Firefox<\/a><\/li>\n<li><a href=\"http:\/\/support.microsoft.com\/kb\/196955\">Internet Explorer<\/a><\/li>\n<li><a href=\"http:\/\/support.apple.com\/kb\/PH5042\">Safari<\/a><\/li>\n<\/ul>\n<p><\/p>\n<p><\/p>\n<h3 class=\"wp-block-heading\">Garante della Privacy sui Cookie:<\/h3>\n<p><\/p>\n<p><\/p>\n<p><a href=\"http:\/\/www.garanteprivacy.it\/web\/guest\/home\/docweb\/-\/docweb-display\/docweb\/3118884\">Informativa e consenso per l\u2019uso dei cookie<br \/><\/a><a href=\"http:\/\/www.garanteprivacy.it\/web\/guest\/home\/docweb\/-\/docweb-display\/docweb\/2142939\">Faq in materia di cookie<\/a><\/p>\n<p><\/p>\n<\/div>\n","protected":false},"excerpt":{"rendered":"<p>Shortcode Titolare del trattamento L\u2019utilizzo di cookie da parte di moscarossa.biz (&#8220;il Gestore&#8221;), rientra nella politica di privacy del Gestore, in conformit\u00e0 a quanto previsto dal D. Lgs 196\/03 Codice in materia di protezione dei dati personali (Codice Privacy) e dal Provvedimento dell\u20198 maggio 2014 \u201cIndividuazione delle modalit\u00e0 semplificate per l\u2019informativa e l\u2019acquisizione del consenso &#8230;<\/p>\n","protected":false},"author":3,"featured_media":0,"parent":0,"menu_order":0,"comment_status":"closed","ping_status":"closed","template":"","meta":{"_exactmetrics_skip_tracking":false,"_exactmetrics_sitenote_active":false,"_exactmetrics_sitenote_note":"","_exactmetrics_sitenote_category":0,"footnotes":""},"class_list":["post-337","page","type-page","status-publish"],"yoast_head":"<!-- This site is optimized with the Yoast SEO plugin v27.5 - https:\/\/yoast.com\/product\/yoast-seo-wordpress\/ -->\n<title>Cookie Policy -<\/title>\n<meta name=\"robots\" content=\"index, nofollow, max-snippet:-1, max-image-preview:large, max-video-preview:-1\" \/>\n<link rel=\"canonical\" href=\"https:\/\/blog.moscarossa.biz\/index.php\/cookie-policy\/\" \/>\n<meta property=\"og:locale\" content=\"it_IT\" \/>\n<meta property=\"og:type\" content=\"article\" \/>\n<meta property=\"og:title\" content=\"Cookie Policy -\" \/>\n<meta property=\"og:description\" content=\"Shortcode Titolare del trattamento L\u2019utilizzo di cookie da parte di moscarossa.biz (&#8220;il Gestore&#8221;), rientra nella politica di privacy del Gestore, in conformit\u00e0 a quanto previsto dal D. Lgs 196\/03 Codice in materia di protezione dei dati personali (Codice Privacy) e dal Provvedimento dell\u20198 maggio 2014 \u201cIndividuazione delle modalit\u00e0 semplificate per l\u2019informativa e l\u2019acquisizione del consenso ...\" \/>\n<meta property=\"og:url\" content=\"https:\/\/blog.moscarossa.biz\/index.php\/cookie-policy\/\" \/>\n<meta property=\"article:modified_time\" content=\"2020-02-19T11:57:01+00:00\" \/>\n<meta name=\"twitter:card\" content=\"summary_large_image\" \/>\n<meta name=\"twitter:label1\" content=\"Tempo di lettura stimato\" \/>\n\t<meta name=\"twitter:data1\" content=\"3 minuti\" \/>\n<script type=\"application\/ld+json\" class=\"yoast-schema-graph\">{\"@context\":\"https:\\\/\\\/schema.org\",\"@graph\":[{\"@type\":\"WebPage\",\"@id\":\"https:\\\/\\\/blog.moscarossa.biz\\\/index.php\\\/cookie-policy\\\/\",\"url\":\"https:\\\/\\\/blog.moscarossa.biz\\\/index.php\\\/cookie-policy\\\/\",\"name\":\"Cookie Policy -\",\"isPartOf\":{\"@id\":\"https:\\\/\\\/blog.moscarossa.biz\\\/#website\"},\"datePublished\":\"2020-02-19T10:29:13+00:00\",\"dateModified\":\"2020-02-19T11:57:01+00:00\",\"breadcrumb\":{\"@id\":\"https:\\\/\\\/blog.moscarossa.biz\\\/index.php\\\/cookie-policy\\\/#breadcrumb\"},\"inLanguage\":\"it-IT\",\"potentialAction\":[{\"@type\":\"ReadAction\",\"target\":[\"https:\\\/\\\/blog.moscarossa.biz\\\/index.php\\\/cookie-policy\\\/\"]}]},{\"@type\":\"BreadcrumbList\",\"@id\":\"https:\\\/\\\/blog.moscarossa.biz\\\/index.php\\\/cookie-policy\\\/#breadcrumb\",\"itemListElement\":[{\"@type\":\"ListItem\",\"position\":1,\"name\":\"Home\",\"item\":\"https:\\\/\\\/blog.moscarossa.biz\\\/\"},{\"@type\":\"ListItem\",\"position\":2,\"name\":\"Cookie Policy\"}]},{\"@type\":\"WebSite\",\"@id\":\"https:\\\/\\\/blog.moscarossa.biz\\\/#website\",\"url\":\"https:\\\/\\\/blog.moscarossa.biz\\\/\",\"name\":\"\",\"description\":\"Escort Blog: tutto sul mondo dell&#039;eros e incontri hot\",\"potentialAction\":[{\"@type\":\"SearchAction\",\"target\":{\"@type\":\"EntryPoint\",\"urlTemplate\":\"https:\\\/\\\/blog.moscarossa.biz\\\/?s={search_term_string}\"},\"query-input\":{\"@type\":\"PropertyValueSpecification\",\"valueRequired\":true,\"valueName\":\"search_term_string\"}}],\"inLanguage\":\"it-IT\"}]}<\/script>\n<!-- \/ Yoast SEO plugin. -->","yoast_head_json":{"title":"Cookie Policy -","robots":{"index":"index","follow":"nofollow","max-snippet":"max-snippet:-1","max-image-preview":"max-image-preview:large","max-video-preview":"max-video-preview:-1"},"canonical":"https:\/\/blog.moscarossa.biz\/index.php\/cookie-policy\/","og_locale":"it_IT","og_type":"article","og_title":"Cookie Policy -","og_description":"Shortcode Titolare del trattamento L\u2019utilizzo di cookie da parte di moscarossa.biz (&#8220;il Gestore&#8221;), rientra nella politica di privacy del Gestore, in conformit\u00e0 a quanto previsto dal D. Lgs 196\/03 Codice in materia di protezione dei dati personali (Codice Privacy) e dal Provvedimento dell\u20198 maggio 2014 \u201cIndividuazione delle modalit\u00e0 semplificate per l\u2019informativa e l\u2019acquisizione del consenso ...","og_url":"https:\/\/blog.moscarossa.biz\/index.php\/cookie-policy\/","article_modified_time":"2020-02-19T11:57:01+00:00","twitter_card":"summary_large_image","twitter_misc":{"Tempo di lettura stimato":"3 minuti"},"schema":{"@context":"https:\/\/schema.org","@graph":[{"@type":"WebPage","@id":"https:\/\/blog.moscarossa.biz\/index.php\/cookie-policy\/","url":"https:\/\/blog.moscarossa.biz\/index.php\/cookie-policy\/","name":"Cookie Policy -","isPartOf":{"@id":"https:\/\/blog.moscarossa.biz\/#website"},"datePublished":"2020-02-19T10:29:13+00:00","dateModified":"2020-02-19T11:57:01+00:00","breadcrumb":{"@id":"https:\/\/blog.moscarossa.biz\/index.php\/cookie-policy\/#breadcrumb"},"inLanguage":"it-IT","potentialAction":[{"@type":"ReadAction","target":["https:\/\/blog.moscarossa.biz\/index.php\/cookie-policy\/"]}]},{"@type":"BreadcrumbList","@id":"https:\/\/blog.moscarossa.biz\/index.php\/cookie-policy\/#breadcrumb","itemListElement":[{"@type":"ListItem","position":1,"name":"Home","item":"https:\/\/blog.moscarossa.biz\/"},{"@type":"ListItem","position":2,"name":"Cookie Policy"}]},{"@type":"WebSite","@id":"https:\/\/blog.moscarossa.biz\/#website","url":"https:\/\/blog.moscarossa.biz\/","name":"","description":"Escort Blog: tutto sul mondo dell&#039;eros e incontri hot","potentialAction":[{"@type":"SearchAction","target":{"@type":"EntryPoint","urlTemplate":"https:\/\/blog.moscarossa.biz\/?s={search_term_string}"},"query-input":{"@type":"PropertyValueSpecification","valueRequired":true,"valueName":"search_term_string"}}],"inLanguage":"it-IT"}]}},"_links":{"self":[{"href":"https:\/\/blog.moscarossa.biz\/index.php\/wp-json\/wp\/v2\/pages\/337","targetHints":{"allow":["GET"]}}],"collection":[{"href":"https:\/\/blog.moscarossa.biz\/index.php\/wp-json\/wp\/v2\/pages"}],"about":[{"href":"https:\/\/blog.moscarossa.biz\/index.php\/wp-json\/wp\/v2\/types\/page"}],"author":[{"embeddable":true,"href":"https:\/\/blog.moscarossa.biz\/index.php\/wp-json\/wp\/v2\/users\/3"}],"replies":[{"embeddable":true,"href":"https:\/\/blog.moscarossa.biz\/index.php\/wp-json\/wp\/v2\/comments?post=337"}],"version-history":[{"count":2,"href":"https:\/\/blog.moscarossa.biz\/index.php\/wp-json\/wp\/v2\/pages\/337\/revisions"}],"predecessor-version":[{"id":340,"href":"https:\/\/blog.moscarossa.biz\/index.php\/wp-json\/wp\/v2\/pages\/337\/revisions\/340"}],"wp:attachment":[{"href":"https:\/\/blog.moscarossa.biz\/index.php\/wp-json\/wp\/v2\/media?parent=337"}],"curies":[{"name":"wp","href":"https:\/\/api.w.org\/{rel}","templated":true}]}}